{"id":95,"date":"2020-10-15T18:31:08","date_gmt":"2020-10-15T21:31:08","guid":{"rendered":"http:\/\/butantagibicon2.hospedagemdesites.ws\/2020\/?page_id=95"},"modified":"2020-10-18T15:02:35","modified_gmt":"2020-10-18T18:02:35","slug":"agradecimentos","status":"publish","type":"page","link":"http:\/\/butantagibicon2.hospedagemdesites.ws\/2020\/agradecimentos\/","title":{"rendered":"Agradecimentos"},"content":{"rendered":"\t\t<div data-elementor-type=\"wp-page\" data-elementor-id=\"95\" class=\"elementor elementor-95\">\n\t\t\t\t\t\t\t\t\t<section class=\"elementor-section elementor-top-section elementor-element elementor-element-5e3a516f elementor-section-stretched elementor-section-boxed elementor-section-height-default elementor-section-height-default\" data-id=\"5e3a516f\" data-element_type=\"section\" data-settings=\"{&quot;stretch_section&quot;:&quot;section-stretched&quot;,&quot;background_background&quot;:&quot;classic&quot;}\">\n\t\t\t\t\t\t<div class=\"elementor-container elementor-column-gap-default\">\n\t\t\t\t\t<div class=\"elementor-column elementor-col-100 elementor-top-column elementor-element elementor-element-7d355088\" data-id=\"7d355088\" data-element_type=\"column\">\n\t\t\t<div class=\"elementor-widget-wrap elementor-element-populated\">\n\t\t\t\t\t\t\t\t<div class=\"elementor-element elementor-element-699e1b41 elementor-widget elementor-widget-text-editor\" data-id=\"699e1b41\" data-element_type=\"widget\" data-widget_type=\"text-editor.default\">\n\t\t\t\t<div class=\"elementor-widget-container\">\n\t\t\t\t\t\t\t<p><!-- wp:paragraph --><\/p>\n<p><span style=\"text-align: inherit;\"><b>AGRADECEMOS AOS PROFISSIONAIS ABAIXO QUE CONTRIBU\u00cdRAM PARA A PROGRAMA\u00c7\u00c3O DA SEGUNDA EDI\u00c7\u00c3O DO BUTANT\u00c3 GIBICON:&nbsp;<\/b><\/span><\/p>\n<p><span style=\"text-align: inherit;\">ANA PALOMA SILVA &#8211;&nbsp;<\/span><i style=\"font-size: inherit; text-align: inherit;\">Contribuiu para a organiza\u00e7\u00e3o da mesa &#8220;Processo criativo na produ\u00e7\u00e3o de quadrinhos&#8221;<\/i><\/p>\n<p>GABRIELA BORGES &#8211;&nbsp;<i>Contribuiu para a organiza\u00e7\u00e3o da mesa &#8220;Quadrinhos na Am\u00e9rica Latina&#8221;<\/i><\/p>\n<p><span style=\"font-size: inherit; text-align: inherit;\">M\u00c1RCIO RODRIGUES &#8211;&nbsp;<\/span><i style=\"font-size: inherit; text-align: inherit;\">Contribuiu para a organiza\u00e7\u00e3o da mesa &#8220;Quadrinhos a partir de \u00c1frica&#8221;&nbsp;<\/i><\/p>\n<p><span style=\"font-size: inherit; text-align: inherit;\">S\u00c2MELA HIDALGO &#8211;&nbsp;<\/span><i style=\"font-size: inherit; text-align: inherit;\">Contribuiu para a organiza\u00e7\u00e3o da mesa &#8220;Quadrinistas do norte do Brasil&#8221;&nbsp;<\/i><\/p>\n<p><span style=\"font-size: inherit; text-align: inherit;\">THAIS KISUKI &#8211;&nbsp;<\/span><i style=\"font-size: inherit; text-align: inherit;\">Contribuiu para a organiza\u00e7\u00e3o da mesa &#8220;Quadrinistas do nordeste do Brasil&#8221;<\/i><\/p>\n<p><\/p>\n<p><b>AGRADECEMOS TAMB\u00c9M A QUEM CONTRIBUIU PARA A REALIZA\u00c7\u00c3O DA PRIMEIRA EDI\u00c7\u00c3O DA BUTANT\u00c3 GIBICON:<\/b><\/p>\n<p>Akira Sanoki, Amanda Peres, Cec\u00edlia Marins, Denis Mello, Marcatti, Kash Fyre, Regis Coimbra, Rubens Menezes, Felipe Werner, Lucas \u201ccarioca\u201d Nagem, Luanna Rom\u00e3o,&nbsp;<span style=\"font-size: inherit; text-align: inherit;\">Ira Rom\u00e3o e&nbsp;<\/span>Will Sideralman<span style=\"font-size: inherit; text-align: inherit;\">.&nbsp;<\/span><\/p>\n<p>Por fim, agradecemos a CASA DE CULTURA DO BUTANT\u00c3 pelo acolhimento e parceria, sem os quais o que era um sonho n\u00e3o teria se tornado realidade.<\/p>\n<p><\/p>\n<p><!-- \/wp:paragraph --><\/p>\t\t\t\t\t\t<\/div>\n\t\t\t\t<\/div>\n\t\t\t\t\t<\/div>\n\t\t<\/div>\n\t\t\t\t\t\t\t<\/div>\n\t\t<\/section>\n\t\t\t\t\t\t\t<\/div>\n\t\t","protected":false},"excerpt":{"rendered":"<p>AGRADECEMOS AOS PROFISSIONAIS ABAIXO QUE CONTRIBU\u00cdRAM PARA A PROGRAMA\u00c7\u00c3O DA SEGUNDA EDI\u00c7\u00c3O DO BUTANT\u00c3 GIBICON:&nbsp; ANA PALOMA SILVA &#8211;&nbsp;Contribuiu para a organiza\u00e7\u00e3o da mesa &#8220;Processo criativo na produ\u00e7\u00e3o de quadrinhos&#8221; GABRIELA BORGES &#8211;&nbsp;Contribuiu para a organiza\u00e7\u00e3o da mesa &#8220;Quadrinhos na Am\u00e9rica Latina&#8221; M\u00c1RCIO RODRIGUES &#8211;&nbsp;Contribuiu para a organiza\u00e7\u00e3o da mesa &#8220;Quadrinhos a partir de \u00c1frica&#8221;&nbsp; [&hellip;]<\/p>\n","protected":false},"author":1,"featured_media":0,"parent":0,"menu_order":0,"comment_status":"closed","ping_status":"closed","template":"","meta":{"footnotes":""},"_links":{"self":[{"href":"http:\/\/butantagibicon2.hospedagemdesites.ws\/2020\/wp-json\/wp\/v2\/pages\/95"}],"collection":[{"href":"http:\/\/butantagibicon2.hospedagemdesites.ws\/2020\/wp-json\/wp\/v2\/pages"}],"about":[{"href":"http:\/\/butantagibicon2.hospedagemdesites.ws\/2020\/wp-json\/wp\/v2\/types\/page"}],"author":[{"embeddable":true,"href":"http:\/\/butantagibicon2.hospedagemdesites.ws\/2020\/wp-json\/wp\/v2\/users\/1"}],"replies":[{"embeddable":true,"href":"http:\/\/butantagibicon2.hospedagemdesites.ws\/2020\/wp-json\/wp\/v2\/comments?post=95"}],"version-history":[{"count":26,"href":"http:\/\/butantagibicon2.hospedagemdesites.ws\/2020\/wp-json\/wp\/v2\/pages\/95\/revisions"}],"predecessor-version":[{"id":819,"href":"http:\/\/butantagibicon2.hospedagemdesites.ws\/2020\/wp-json\/wp\/v2\/pages\/95\/revisions\/819"}],"wp:attachment":[{"href":"http:\/\/butantagibicon2.hospedagemdesites.ws\/2020\/wp-json\/wp\/v2\/media?parent=95"}],"curies":[{"name":"wp","href":"https:\/\/api.w.org\/{rel}","templated":true}]}}